{"id":1212,"date":"2016-05-19T00:59:40","date_gmt":"2016-05-19T00:59:40","guid":{"rendered":"http:\/\/aspenpharma.ca\/?page_id=1212&#038;lang=fr"},"modified":"2016-06-14T10:13:46","modified_gmt":"2016-06-14T14:13:46","slug":"home","status":"publish","type":"page","link":"https:\/\/aspenpharma.ca\/fr\/","title":{"rendered":"Page d&#8217;accueil"},"content":{"rendered":"<div class=\"wpb-content-wrapper\"><p>[vc_row css=&#8221;.vc_custom_1450677977665{margin-bottom: 0px !important;}&#8221;][vc_column][rev_slider_vc alias=&#8221;homepage-slider-french&#8221;][\/vc_column][\/vc_row][vc_row full_width=&#8221;stretch_row&#8221; css=&#8221;.vc_custom_1464971001121{background-color: #b7e5f4 !important;}&#8221;][vc_column offset=&#8221;vc_hidden-xs&#8221;][vc_cta h2=&#8221;D\u00e9couvrez nos nouveaux produits anticoagulants!&#8221; h2_font_container=&#8221;font_size:20px|color:%23000000|line_height:0px&#8221; h2_google_fonts=&#8221;font_family:Poppins%3A300%2Cregular%2C500%2C600%2C700|font_style:600%20semi-bold%3A600%3Anormal&#8221; shape=&#8221;square&#8221; style=&#8221;flat&#8221; add_button=&#8221;right&#8221; btn_title=&#8221;En savoir plus&#8221; btn_style=&#8221;flat&#8221; btn_color=&#8221;theme_style_2&#8243; btn_align=&#8221;right&#8221; btn_i_align=&#8221;right&#8221; btn_i_icon_fontawesome=&#8221;fa fa-chevron-right&#8221; btn_add_icon=&#8221;true&#8221; btn_button_block=&#8221;true&#8221; css=&#8221;.vc_custom_1464971011954{background-color: #b7e5f4 !important;}&#8221; use_custom_fonts_h2=&#8221;true&#8221; btn_link=&#8221;url:http%3A%2F%2Faspenpharma.ca%2Ffr%2Fproduct%2Fthrombose%2F||&#8221;][\/vc_cta][\/vc_column][\/vc_row][vc_row full_width=&#8221;stretch_row&#8221; content_placement=&#8221;middle&#8221; css=&#8221;.vc_custom_1461090157166{padding-top: 20px !important;padding-bottom: 20px !important;background-color: #f2f2f2 !important;}&#8221;][vc_column][vc_row_inner css=&#8221;.vc_custom_1455871593995{margin-bottom: 30px !important;}&#8221;][vc_column_inner width=&#8221;1\/3&#8243;][vc_raw_html]JTNDYSUyMGhyZWYlM0QlMjJodHRwJTNBJTJGJTJGYXNwZW5waGFybWEuY2ElMkZmciUyRnByb2R1aXRzJTJGJTIyJTNF[\/vc_raw_html][stm_icon_box hide_title_line=&#8221;hide_title_line&#8221; enable_hexagon=&#8221;enable&#8221; enable_hexagon_animation=&#8221;enable&#8221; icon=&#8221;fa fa-heartbeat&#8221; style=&#8221;icon_left&#8221; icon_size=&#8221;25&#8243; icon_width=&#8221;78&#8243; title=&#8221;Produits&#8221;]Aspen Pharmacare Canada offre \u00e0 ses clients des m\u00e9dicaments de haute qualit\u00e9 pour des traitements dans des domaines th\u00e9rapeutiques d\u2019importance.[\/stm_icon_box][vc_raw_html]JTNDJTJGYSUzRQ==[\/vc_raw_html][\/vc_column_inner][vc_column_inner width=&#8221;1\/3&#8243;][vc_raw_html]JTNDYSUyMGhyZWYlM0QlMjJodHRwJTNBJTJGJTJGYXNwZW5waGFybWEuY2ElMkZmciUyRm5vdXZlbGxlcyUyRiUyMiUzRQ==[\/vc_raw_html][stm_icon_box hide_title_line=&#8221;hide_title_line&#8221; enable_hexagon=&#8221;enable&#8221; enable_hexagon_animation=&#8221;enable&#8221; icon=&#8221;fa fa-book&#8221; style=&#8221;icon_left&#8221; icon_size=&#8221;25&#8243; icon_width=&#8221;78&#8243; title=&#8221;Nouvelles&#8221;]Nos derni\u00e8res mises \u00e0 jour.[\/stm_icon_box][vc_raw_html]JTNDJTJGYSUzRQ==[\/vc_raw_html][\/vc_column_inner][vc_column_inner width=&#8221;1\/3&#8243;][vc_raw_html]JTNDYSUyMGhyZWYlM0QlMjJodHRwJTNBJTJGJTJGYXNwZW5waGFybWEuY2ElMkZmciUyRmEtcHJvcG9zJTJGJTIyJTNF[\/vc_raw_html][stm_icon_box hide_title_line=&#8221;hide_title_line&#8221; enable_hexagon=&#8221;enable&#8221; enable_hexagon_animation=&#8221;enable&#8221; icon=&#8221;stm-mans&#8221; style=&#8221;icon_left&#8221; icon_size=&#8221;25&#8243; icon_width=&#8221;78&#8243; title=&#8221;Notre histoire&#8221;]D\u00e9couvrez comment Aspen Pharmacare Canada apporte 160 ans d&#8217;exp\u00e9rience de soins de sant\u00e9 mondiale aux Canadiens.[\/stm_icon_box][vc_raw_html]JTNDJTJGYSUzRQ==[\/vc_raw_html][\/vc_column_inner][\/vc_row_inner][\/vc_column][\/vc_row]<\/p>\n<\/div>","protected":false},"excerpt":{"rendered":"<p>[vc_row css=&#8221;.vc_custom_1450677977665{margin-bottom: 0px !important;}&#8221;][vc_column][rev_slider_vc alias=&#8221;homepage-slider-french&#8221;][\/vc_column][\/vc_row][vc_row full_width=&#8221;stretch_row&#8221; css=&#8221;.vc_custom_1464971001121{background-color: #b7e5f4 !important;}&#8221;][vc_column offset=&#8221;vc_hidden-xs&#8221;][vc_cta h2=&#8221;D\u00e9couvrez nos nouveaux produits anticoagulants!&#8221; h2_font_container=&#8221;font_size:20px|color:%23000000|line_height:0px&#8221; h2_google_fonts=&#8221;font_family:Poppins%3A300%2Cregular%2C500%2C600%2C700|font_style:600%20semi-bold%3A600%3Anormal&#8221; shape=&#8221;square&#8221; style=&#8221;flat&#8221; add_button=&#8221;right&#8221; btn_title=&#8221;En savoir plus&#8221; btn_style=&#8221;flat&#8221; btn_color=&#8221;theme_style_2&#8243; btn_align=&#8221;right&#8221; btn_i_align=&#8221;right&#8221; btn_i_icon_fontawesome=&#8221;fa fa-chevron-right&#8221; btn_add_icon=&#8221;true&#8221; btn_button_block=&#8221;true&#8221; css=&#8221;.vc_custom_1464971011954{background-color: #b7e5f4 !important;}&#8221; use_custom_fonts_h2=&#8221;true&#8221; btn_link=&#8221;url:http%3A%2F%2Faspenpharma.ca%2Ffr%2Fproduct%2Fthrombose%2F||&#8221;][\/vc_cta][\/vc_column][\/vc_row][vc_row full_width=&#8221;stretch_row&#8221; content_placement=&#8221;middle&#8221; css=&#8221;.vc_custom_1461090157166{padding-top: 20px !important;padding-bottom: 20px !important;background-color: #f2f2f2 !important;}&#8221;][vc_column][vc_row_inner css=&#8221;.vc_custom_1455871593995{margin-bottom: 30px !important;}&#8221;][vc_column_inner width=&#8221;1\/3&#8243;][vc_raw_html]JTNDYSUyMGhyZWYlM0QlMjJodHRwJTNBJTJGJTJGYXNwZW5waGFybWEuY2ElMkZmciUyRnByb2R1aXRzJTJGJTIyJTNF[\/vc_raw_html][stm_icon_box hide_title_line=&#8221;hide_title_line&#8221; enable_hexagon=&#8221;enable&#8221; enable_hexagon_animation=&#8221;enable&#8221; icon=&#8221;fa fa-heartbeat&#8221; style=&#8221;icon_left&#8221;<\/p>\n","protected":false},"author":2,"featured_media":0,"parent":0,"menu_order":0,"comment_status":"closed","ping_status":"closed","template":"","meta":{"_monsterinsights_skip_tracking":false,"_monsterinsights_sitenote_active":false,"_monsterinsights_sitenote_note":"","_monsterinsights_sitenote_category":0,"footnotes":""},"class_list":["post-1212","page","type-page","status-publish","hentry"],"_links":{"self":[{"href":"https:\/\/aspenpharma.ca\/fr\/wp-json\/wp\/v2\/pages\/1212","targetHints":{"allow":["GET"]}}],"collection":[{"href":"https:\/\/aspenpharma.ca\/fr\/wp-json\/wp\/v2\/pages"}],"about":[{"href":"https:\/\/aspenpharma.ca\/fr\/wp-json\/wp\/v2\/types\/page"}],"author":[{"embeddable":true,"href":"https:\/\/aspenpharma.ca\/fr\/wp-json\/wp\/v2\/users\/2"}],"replies":[{"embeddable":true,"href":"https:\/\/aspenpharma.ca\/fr\/wp-json\/wp\/v2\/comments?post=1212"}],"version-history":[{"count":0,"href":"https:\/\/aspenpharma.ca\/fr\/wp-json\/wp\/v2\/pages\/1212\/revisions"}],"wp:attachment":[{"href":"https:\/\/aspenpharma.ca\/fr\/wp-json\/wp\/v2\/media?parent=1212"}],"curies":[{"name":"wp","href":"https:\/\/api.w.org\/{rel}","templated":true}]}}