{"id":1224,"date":"2016-05-19T14:46:41","date_gmt":"2016-05-19T14:46:41","guid":{"rendered":"http:\/\/aspenpharma.ca\/fr\/?page_id=1224"},"modified":"2025-12-11T15:42:31","modified_gmt":"2025-12-11T20:42:31","slug":"produits","status":"publish","type":"page","link":"https:\/\/aspenpharma.ca\/fr\/produits\/","title":{"rendered":"Nos produits"},"content":{"rendered":"<div class=\"wpb-content-wrapper\"><p>[vc_row disable_element=&#8221;yes&#8221; css=&#8221;.vc_custom_1757665378178{margin-bottom: 100px !important;}&#8221;][vc_column offset=&#8221;vc_col-lg-9 vc_col-md-9&#8243;][stm_services posts_per_page=&#8221;12&#8243; posts_per_row=&#8221;2&#8243; img_size=&#8221;large&#8221;][\/vc_column][vc_column width=&#8221;1\/4&#8243; offset=&#8221;vc_hidden-sm vc_hidden-xs&#8221;][stm_sidebar sidebar=&#8221;1256&#8243;][\/vc_column][\/vc_row][vc_row][vc_column width=&#8221;3\/4&#8243;][vc_custom_heading text=&#8221;Nos m\u00e9dicaments d\u2019ordonnance&#8221; font_container=&#8221;tag:h4|text_align:left&#8221; use_theme_fonts=&#8221;yes&#8221; css=&#8221;&#8221;][vc_column_text css=&#8221;&#8221;]<b><i>Avis:<\/i><\/b><i> Les r\u00e8gles canadiennes limitent l\u2019\u00e9tendue de l\u2019information que nous sommes autoris\u00e9s \u00e0 fournir sur les m\u00e9dicaments d\u2019ordonnance par Internet ou de quelque autre fa\u00e7on. Pour plus de d\u00e9tails, consultez un professionnel de la sant\u00e9 qualifi\u00e9.<\/i>[\/vc_column_text][vc_tta_accordion active_section=&#8221;1&#8243;][vc_tta_section title=&#8221;Alkeran (melphalan)&#8221; tab_id=&#8221;1757663063218-35244281-9338&#8243;][vc_btn title=&#8221;Monographie du produit (FR)&#8221; style=&#8221;flat&#8221; color=&#8221;theme_style_1&#8243; css=&#8221;&#8221; link=&#8221;url:https%3A%2F%2Faspenpharma.ca%2Fdownload%2F1140%2F|target:_blank&#8221;][vc_btn title=&#8221;Information pour les patients (FR)&#8221; style=&#8221;flat&#8221; color=&#8221;theme_style_1&#8243; css=&#8221;&#8221; link=&#8221;url:https%3A%2F%2Faspenpharma.ca%2Fdownload%2F2726%2F|target:_blank&#8221;][\/vc_tta_section][vc_tta_section title=&#8221;Alkeran Injection (melphalan hydrochloride)&#8221; tab_id=&#8221;1757663147130-7489fefa-6c63&#8243;][vc_btn title=&#8221;Monographie du produit (FR)&#8221; style=&#8221;flat&#8221; color=&#8221;theme_style_1&#8243; css=&#8221;&#8221; link=&#8221;url:https%3A%2F%2Faspenpharma.ca%2Fdownload%2F1140%2F|target:_blank&#8221;][vc_btn title=&#8221;Information pour les patients (FR)&#8221; style=&#8221;flat&#8221; color=&#8221;theme_style_1&#8243; css=&#8221;&#8221; link=&#8221;url:https%3A%2F%2Faspenpharma.ca%2Fdownload%2F2658%2F|target:_blank&#8221;][\/vc_tta_section][vc_tta_section title=&#8221;Arixtra (fondaparinux)&#8221; tab_id=&#8221;1757662823717-8495b520-b055&#8243;][vc_btn title=&#8221;Monographie du produit (FR)&#8221; style=&#8221;flat&#8221; color=&#8221;theme_style_1&#8243; css=&#8221;&#8221; link=&#8221;url:https%3A%2F%2Faspenpharma.ca%2Fdownload%2F1200%2F|target:_blank&#8221;][vc_btn title=&#8221;Information pour les patients (FR)&#8221; style=&#8221;flat&#8221; color=&#8221;theme_style_1&#8243; css=&#8221;&#8221; link=&#8221;url:https%3A%2F%2Faspenpharma.ca%2Fdownload%2F1322%2F|target:_blank&#8221;][\/vc_tta_section][vc_tta_section title=&#8221;ASPEN-DIENOGEST (dienogest)&#8221; tab_id=&#8221;1757662627984-fb11f22d-504f&#8221;][vc_btn title=&#8221;Monographie du produit (FR)&#8221; style=&#8221;flat&#8221; color=&#8221;theme_style_1&#8243; css=&#8221;&#8221; link=&#8221;url:https%3A%2F%2Faspenpharma.ca%2Fdownload%2F2233%2F|target:_blank&#8221;][vc_btn title=&#8221;Information pour les patients (FR)&#8221; style=&#8221;flat&#8221; color=&#8221;theme_style_1&#8243; css=&#8221;&#8221; link=&#8221;url:https%3A%2F%2Faspenpharma.ca%2Fdownload%2F2237%2F|target:_blank&#8221;][\/vc_tta_section][vc_tta_section title=&#8221;Diprivan (propofol)&#8221; tab_id=&#8221;1757661765553-ecc08817-45ef&#8221;][vc_btn title=&#8221;Monographie du produit (FR)&#8221; style=&#8221;flat&#8221; color=&#8221;theme_style_1&#8243; css=&#8221;&#8221; link=&#8221;url:https%3A%2F%2Faspenpharma.ca%2Fdownload%2F1519%2F|target:_blank&#8221;][vc_btn title=&#8221;Information pour les patients (FR)&#8221; style=&#8221;flat&#8221; color=&#8221;theme_style_1&#8243; css=&#8221;&#8221; link=&#8221;url:https%3A%2F%2Faspenpharma.ca%2Fdownload%2F1600%2F|target:_blank&#8221;][\/vc_tta_section][vc_tta_section title=&#8221;Eltroxin (levothyroxine sodium)&#8221; tab_id=&#8221;1757663814157-667d7119-252d&#8221;][vc_btn title=&#8221;Monographie du produit (FR)&#8221; style=&#8221;flat&#8221; color=&#8221;theme_style_1&#8243; css=&#8221;&#8221; link=&#8221;url:https%3A%2F%2Faspenpharma.ca%2Fdownload%2F1134%2F|target:_blank&#8221;][vc_btn title=&#8221;Information pour les patients (FR)&#8221; style=&#8221;flat&#8221; color=&#8221;theme_style_1&#8243; css=&#8221;&#8221; link=&#8221;url:https%3A%2F%2Faspenpharma.ca%2Fdownload%2F1316%2F|target:_blank&#8221;][\/vc_tta_section][vc_tta_section title=&#8221;EMLA (lidocaine 2.5% and priolocaine 2.5%)&#8221; tab_id=&#8221;1757661938268-b9c615a0-9aea&#8221;][vc_btn title=&#8221;Monographie du produit (FR)&#8221; style=&#8221;flat&#8221; color=&#8221;theme_style_1&#8243; css=&#8221;&#8221; link=&#8221;url:https%3A%2F%2Faspenpharma.ca%2Fdownload%2F1524%2F|target:_blank&#8221;][vc_btn title=&#8221;Information pour les patients cr\u00e8me (FR)&#8221; style=&#8221;flat&#8221; color=&#8221;theme_style_1&#8243; css=&#8221;&#8221; link=&#8221;url:https%3A%2F%2Faspenpharma.ca%2Fdownload%2F1603%2F|target:_blank&#8221;][vc_btn title=&#8221;Information pour les patients timbre (FR)&#8221; style=&#8221;flat&#8221; color=&#8221;theme_style_1&#8243; css=&#8221;&#8221; link=&#8221;url:https%3A%2F%2Faspenpharma.ca%2Fdownload%2F2492%2F|target:_blank&#8221;][\/vc_tta_section][vc_tta_section title=&#8221;Fraxiparine (nadroparin calcium)&#8221; tab_id=&#8221;1757662773121-2aed64b9-11c2&#8243;][vc_btn title=&#8221;Monographie du produit (FR)&#8221; style=&#8221;flat&#8221; color=&#8221;theme_style_1&#8243; css=&#8221;&#8221; link=&#8221;url:https%3A%2F%2Faspenpharma.ca%2Fdownload%2F1194%2F|target:_blank&#8221;][vc_btn title=&#8221;Information pour les patients (FR)&#8221; style=&#8221;flat&#8221; color=&#8221;theme_style_1&#8243; css=&#8221;&#8221; link=&#8221;url:https%3A%2F%2Faspenpharma.ca%2Fdownload%2F1328%2F|target:_blank&#8221;][\/vc_tta_section][vc_tta_section title=&#8221;Imuran (azathioprine sodium)&#8221; tab_id=&#8221;1757662529635-f4b102b3-3883&#8243;][vc_btn title=&#8221;Monographie du produit (FR)&#8221; style=&#8221;flat&#8221; color=&#8221;theme_style_1&#8243; css=&#8221;&#8221; link=&#8221;url:https%3A%2F%2Faspenpharma.ca%2Fdownload%2F1146%2F|target:_blank&#8221;][vc_btn title=&#8221;Information pour les patients (FR)&#8221; style=&#8221;flat&#8221; color=&#8221;theme_style_1&#8243; css=&#8221;&#8221; link=&#8221;url:https%3A%2F%2Faspenpharma.ca%2Fdownload%2F1334%2F|target:_blank&#8221;][\/vc_tta_section][vc_tta_section title=&#8221;Lanvis (thioguanine)&#8221; tab_id=&#8221;1757663487718-3e1ef7f6-c1b0&#8243;][vc_btn title=&#8221;Monographie du produit (FR)&#8221; style=&#8221;flat&#8221; color=&#8221;theme_style_1&#8243; css=&#8221;&#8221; link=&#8221;url:https%3A%2F%2Faspenpharma.ca%2Fdownload%2F1158%2F|target:_blank&#8221;][vc_btn title=&#8221;Information pour les patients (FR)&#8221; style=&#8221;flat&#8221; color=&#8221;theme_style_1&#8243; css=&#8221;&#8221; link=&#8221;url:https%3A%2F%2Faspenpharma.ca%2Fdownload%2F1347%2F|target:_blank&#8221;][\/vc_tta_section][vc_tta_section title=&#8221;Leukeran (chlorambucil)&#8221; tab_id=&#8221;1757663530196-26f74abc-c034&#8243;][vc_btn title=&#8221;Monographie du produit (FR)&#8221; style=&#8221;flat&#8221; color=&#8221;theme_style_1&#8243; css=&#8221;&#8221; link=&#8221;url:https%3A%2F%2Faspenpharma.ca%2Fdownload%2F1164%2F|target:_blank&#8221;][vc_btn title=&#8221;Information pour les patients (FR)&#8221; style=&#8221;flat&#8221; color=&#8221;theme_style_1&#8243; css=&#8221;&#8221; link=&#8221;url:https%3A%2F%2Faspenpharma.ca%2Fdownload%2F1353%2F|target:_blank&#8221;][\/vc_tta_section][vc_tta_section title=&#8221;Linessa (desogestrel &#038; ethinyl estradiol)&#8221; tab_id=&#8221;1757662672747-6c110eca-778a&#8221;][vc_btn title=&#8221;Monographie du produit (FR)&#8221; style=&#8221;flat&#8221; color=&#8221;theme_style_1&#8243; css=&#8221;&#8221; link=&#8221;url:https%3A%2F%2Faspenpharma.ca%2Fdownload%2F1206%2F|target:_blank&#8221;][vc_btn title=&#8221;Information pour les patients (FR)&#8221; style=&#8221;flat&#8221; color=&#8221;theme_style_1&#8243; css=&#8221;&#8221; link=&#8221;url:https%3A%2F%2Faspenpharma.ca%2Fdownload%2F1359%2F|target:_blank&#8221;][\/vc_tta_section][vc_tta_section title=&#8221;Myleran (busulfan)&#8221; tab_id=&#8221;1757663575339-2a1e80d5-ef46&#8243;][vc_btn title=&#8221;Monographie du produit (FR)&#8221; style=&#8221;flat&#8221; color=&#8221;theme_style_1&#8243; css=&#8221;&#8221; link=&#8221;url:https%3A%2F%2Faspenpharma.ca%2Fdownload%2F1170%2F|target:_blank&#8221;][vc_btn title=&#8221;Information pour les patients (FR)&#8221; style=&#8221;flat&#8221; color=&#8221;theme_style_1&#8243; css=&#8221;&#8221; link=&#8221;url:https%3A%2F%2Faspenpharma.ca%2Fdownload%2F1920%2F|target:_blank&#8221;][\/vc_tta_section][vc_tta_section title=&#8221;Naropin (ropivacaine HCI)&#8221; tab_id=&#8221;1757662047049-03cb710e-0554&#8243;][vc_btn title=&#8221;Monographie du produit (FR)&#8221; style=&#8221;flat&#8221; color=&#8221;theme_style_1&#8243; css=&#8221;&#8221; link=&#8221;url:https%3A%2F%2Faspenpharma.ca%2Fdownload%2F1529%2F|target:_blank&#8221;][vc_btn title=&#8221;Information pour les patients (FR)&#8221; style=&#8221;flat&#8221; color=&#8221;theme_style_1&#8243; css=&#8221;&#8221; link=&#8221;url:https%3A%2F%2Faspenpharma.ca%2Fdownload%2F1606%2F|target:_blank&#8221;][\/vc_tta_section][vc_tta_section title=&#8221;Orgaran TIH (danaparoid sodium)&#8221; tab_id=&#8221;1757662863022-554d2203-fa2e&#8221;][vc_btn title=&#8221;Monographie du produit (FR)&#8221; style=&#8221;flat&#8221; color=&#8221;theme_style_1&#8243; css=&#8221;&#8221; link=&#8221;url:https%3A%2F%2Faspenpharma.ca%2Fdownload%2F1176%2F|target:_blank&#8221;][vc_btn title=&#8221;Information pour les patients (FR)&#8221; style=&#8221;flat&#8221; color=&#8221;theme_style_1&#8243; css=&#8221;&#8221; link=&#8221;url:https%3A%2F%2Faspenpharma.ca%2Fdownload%2F1176%2F|target:_blank&#8221;][\/vc_tta_section][vc_tta_section title=&#8221;Orgaran TVP (danaparoid sodium)&#8221; tab_id=&#8221;1757662924101-0cdce26e-1254&#8243;][vc_btn title=&#8221;Monographie du produit (FR)&#8221; style=&#8221;flat&#8221; color=&#8221;theme_style_1&#8243; css=&#8221;&#8221; link=&#8221;url:https%3A%2F%2Faspenpharma.ca%2Fdownload%2F1182%2F|target:_blank&#8221;][vc_btn title=&#8221;Information pour les patients (FR)&#8221; style=&#8221;flat&#8221; color=&#8221;theme_style_1&#8243; css=&#8221;&#8221; link=&#8221;url:https%3A%2F%2Faspenpharma.ca%2Fdownload%2F1182%2F|target:_blank&#8221;][\/vc_tta_section][vc_tta_section title=&#8221;Sensorcaine (bupivacaine HCI)&#8221; tab_id=&#8221;1757662147183-7fb2d402-2b0d&#8221;][vc_btn title=&#8221;Monographie du produit (FR)&#8221; style=&#8221;flat&#8221; color=&#8221;theme_style_1&#8243; css=&#8221;&#8221; link=&#8221;url:https%3A%2F%2Faspenpharma.ca%2Fdownload%2F1540%2F|target:_blank&#8221;][vc_btn title=&#8221;Information pour les patients (FR)&#8221; style=&#8221;flat&#8221; color=&#8221;theme_style_1&#8243; css=&#8221;&#8221; link=&#8221;url:https%3A%2F%2Faspenpharma.ca%2Fdownload%2F1609%2F|target:_blank&#8221;][\/vc_tta_section][vc_tta_section title=&#8221;Septra (sulfamethoxazole and trimethoprim)&#8221; tab_id=&#8221;1757663911253-bcb52f6a-2730&#8243;][vc_btn title=&#8221;Monographie du produit (FR)&#8221; style=&#8221;flat&#8221; color=&#8221;theme_style_1&#8243; css=&#8221;&#8221; link=&#8221;url:https%3A%2F%2Faspenpharma.ca%2Fdownload%2F1188%2F|target:_blank&#8221;][vc_btn title=&#8221;Information pour les patients Septra suspension orale (FR)&#8221; style=&#8221;flat&#8221; color=&#8221;theme_style_1&#8243; css=&#8221;&#8221; link=&#8221;url:https%3A%2F%2Faspenpharma.ca%2Fdownload%2F3142%2F|target:_blank&#8221;][vc_btn title=&#8221;Information pour les patients Septra pour injection (FR)&#8221; style=&#8221;flat&#8221; color=&#8221;theme_style_1&#8243; css=&#8221;&#8221; link=&#8221;url:https%3A%2F%2Faspenpharma.ca%2Fdownload%2F1723%2F|target:_blank&#8221;][\/vc_tta_section][vc_tta_section title=&#8221;Xylocaine en solutions parent\u00e9rales (chlorhydrate de lidoca\u00efne injectable USP)&#8221; tab_id=&#8221;1757662192435-d0fed40f-b960&#8243;][vc_btn title=&#8221;Monographie du produit (FR)&#8221; style=&#8221;flat&#8221; color=&#8221;theme_style_1&#8243; css=&#8221;&#8221; link=&#8221;url:https%3A%2F%2Faspenpharma.ca%2Fdownload%2F1551%2F|target:_blank&#8221;][vc_btn title=&#8221;Information pour les patients (FR)&#8221; style=&#8221;flat&#8221; color=&#8221;theme_style_1&#8243; css=&#8221;&#8221; link=&#8221;url:https%3A%2F%2Faspenpharma.ca%2Fdownload%2F1612%2F|target:_blank&#8221;][\/vc_tta_section][vc_tta_section title=&#8221;Xylocaine en gel\u00e9e (chlorhydrate de lidoca\u00efne USP)&#8221; tab_id=&#8221;1757662235200-6e446faa-907c&#8221;][vc_btn title=&#8221;Monographie du produit (FR)&#8221; style=&#8221;flat&#8221; color=&#8221;theme_style_1&#8243; css=&#8221;&#8221; link=&#8221;url:https%3A%2F%2Faspenpharma.ca%2Fdownload%2F1557%2F|target:_blank&#8221;][vc_btn title=&#8221;Information pour les patients (FR)&#8221; style=&#8221;flat&#8221; color=&#8221;theme_style_1&#8243; css=&#8221;&#8221; link=&#8221;url:https%3A%2F%2Faspenpharma.ca%2Fdownload%2F1615%2F|target:_blank&#8221;][\/vc_tta_section][vc_tta_section title=&#8221;Xylocaine en pommade (lidoca\u00efne en pommade USP)&#8221; tab_id=&#8221;1757662284466-716a5741-3208&#8243;][vc_btn title=&#8221;Monographie du produit (FR)&#8221; style=&#8221;flat&#8221; color=&#8221;theme_style_1&#8243; css=&#8221;&#8221; link=&#8221;url:https%3A%2F%2Faspenpharma.ca%2Fdownload%2F1563%2F|target:_blank&#8221;][vc_btn title=&#8221;Information pour les patients (FR)&#8221; style=&#8221;flat&#8221; color=&#8221;theme_style_1&#8243; css=&#8221;&#8221; link=&#8221;url:https%3A%2F%2Faspenpharma.ca%2Fdownload%2F1618%2F|target:_blank&#8221;][\/vc_tta_section][vc_tta_section title=&#8221;Xylocaine en vaporisateur (lidoca\u00efne en vaporisateur non a\u00e9rosol)&#8221; tab_id=&#8221;1757662336230-b7618f3f-e983&#8243;][vc_btn title=&#8221;Monographie du produit (FR)&#8221; style=&#8221;flat&#8221; color=&#8221;theme_style_1&#8243; css=&#8221;&#8221; link=&#8221;url:https%3A%2F%2Faspenpharma.ca%2Fdownload%2F1569%2F|target:_blank&#8221;][vc_btn title=&#8221;Information pour les patients (FR)&#8221; style=&#8221;flat&#8221; color=&#8221;theme_style_1&#8243; css=&#8221;&#8221; link=&#8221;url:https%3A%2F%2Faspenpharma.ca%2Fdownload%2F1621%2F|target:_blank&#8221;][\/vc_tta_section][vc_tta_section title=&#8221;Xylocard (lidocaine HCI)&#8221; tab_id=&#8221;1757662382436-5a090231-a8e0&#8243;][vc_btn title=&#8221;Monographie du produit (FR)&#8221; style=&#8221;flat&#8221; color=&#8221;theme_style_1&#8243; css=&#8221;&#8221; link=&#8221;url:https%3A%2F%2Faspenpharma.ca%2Fdownload%2F1534%2F|target:_blank&#8221;][vc_btn title=&#8221;Information pour les patients (FR)&#8221; style=&#8221;flat&#8221; color=&#8221;theme_style_1&#8243; css=&#8221;&#8221; link=&#8221;url:https%3A%2F%2Faspenpharma.ca%2Fdownload%2F1624%2F|target:_blank&#8221;][vc_empty_space][vc_empty_space][\/vc_tta_section][\/vc_tta_accordion][\/vc_column][vc_column width=&#8221;1\/4&#8243;][stm_sidebar sidebar=&#8221;1256&#8243;][\/vc_column][\/vc_row][vc_row full_width=&#8221;stretch_row&#8221; css=&#8221;.vc_custom_1461271322165{margin-bottom: -60px !important;}&#8221; el_class=&#8221;third_bg_color&#8221;][vc_column][vc_cta h2=&#8221;Restez au courant de nos derni\u00e8res mises \u00e0 jour!&#8221; h2_font_container=&#8221;font_size:20px|color:%23000000|line_height:24px&#8221; h2_use_theme_fonts=&#8221;yes&#8221; shape=&#8221;square&#8221; style=&#8221;flat&#8221; add_button=&#8221;right&#8221; btn_title=&#8221;Nouvelles&#8221; btn_style=&#8221;flat&#8221; btn_color=&#8221;theme_style_2&#8243; btn_align=&#8221;right&#8221; btn_i_align=&#8221;right&#8221; btn_i_icon_fontawesome=&#8221;fa fa-chevron-right&#8221; css=&#8221;.vc_custom_1464804436547{margin-bottom: 0px !important;}&#8221; use_custom_fonts_h2=&#8221;true&#8221; btn_button_block=&#8221;true&#8221; btn_add_icon=&#8221;true&#8221; el_class=&#8221;third_bg_color&#8221; btn_link=&#8221;url:http%3A%2F%2Faspenpharma.ca%2Ffr%2Fnouvelles%2F||&#8221;][\/vc_cta][\/vc_column][\/vc_row]<\/p>\n<\/div>","protected":false},"excerpt":{"rendered":"<p>[vc_row disable_element=&#8221;yes&#8221; css=&#8221;.vc_custom_1757665378178{margin-bottom: 100px !important;}&#8221;][vc_column offset=&#8221;vc_col-lg-9 vc_col-md-9&#8243;][stm_services posts_per_page=&#8221;12&#8243; posts_per_row=&#8221;2&#8243; img_size=&#8221;large&#8221;][\/vc_column][vc_column width=&#8221;1\/4&#8243; offset=&#8221;vc_hidden-sm vc_hidden-xs&#8221;][stm_sidebar sidebar=&#8221;1256&#8243;][\/vc_column][\/vc_row][vc_row][vc_column width=&#8221;3\/4&#8243;][vc_custom_heading text=&#8221;Nos m\u00e9dicaments d\u2019ordonnance&#8221; font_container=&#8221;tag:h4|text_align:left&#8221; use_theme_fonts=&#8221;yes&#8221; css=&#8221;&#8221;][vc_column_text css=&#8221;&#8221;]Avis: Les r\u00e8gles canadiennes limitent l\u2019\u00e9tendue de l\u2019information que nous sommes autoris\u00e9s \u00e0 fournir sur les m\u00e9dicaments d\u2019ordonnance par Internet ou de quelque autre fa\u00e7on. Pour plus de d\u00e9tails, consultez un professionnel de la<\/p>\n","protected":false},"author":2,"featured_media":0,"parent":0,"menu_order":0,"comment_status":"closed","ping_status":"closed","template":"","meta":{"_monsterinsights_skip_tracking":false,"_monsterinsights_sitenote_active":false,"_monsterinsights_sitenote_note":"","_monsterinsights_sitenote_category":0,"footnotes":""},"class_list":["post-1224","page","type-page","status-publish","hentry"],"_links":{"self":[{"href":"https:\/\/aspenpharma.ca\/fr\/wp-json\/wp\/v2\/pages\/1224","targetHints":{"allow":["GET"]}}],"collection":[{"href":"https:\/\/aspenpharma.ca\/fr\/wp-json\/wp\/v2\/pages"}],"about":[{"href":"https:\/\/aspenpharma.ca\/fr\/wp-json\/wp\/v2\/types\/page"}],"author":[{"embeddable":true,"href":"https:\/\/aspenpharma.ca\/fr\/wp-json\/wp\/v2\/users\/2"}],"replies":[{"embeddable":true,"href":"https:\/\/aspenpharma.ca\/fr\/wp-json\/wp\/v2\/comments?post=1224"}],"version-history":[{"count":0,"href":"https:\/\/aspenpharma.ca\/fr\/wp-json\/wp\/v2\/pages\/1224\/revisions"}],"wp:attachment":[{"href":"https:\/\/aspenpharma.ca\/fr\/wp-json\/wp\/v2\/media?parent=1224"}],"curies":[{"name":"wp","href":"https:\/\/api.w.org\/{rel}","templated":true}]}}