{"id":2515,"date":"2022-06-13T12:33:15","date_gmt":"2022-06-13T16:33:15","guid":{"rendered":"https:\/\/aspenpharma.ca\/ethics-compliance-management\/"},"modified":"2023-01-20T13:30:51","modified_gmt":"2023-01-20T18:30:51","slug":"ethics-compliance-management","status":"publish","type":"page","link":"https:\/\/aspenpharma.ca\/fr\/ethics-compliance-management\/","title":{"rendered":"Ethics &#038; Compliance"},"content":{"rendered":"<div class=\"wpb-content-wrapper\"><p>[vc_row gap=&#8221;20&#8243; content_placement=&#8221;middle&#8221; css=&#8221;.vc_custom_1655143009517{margin-top: -60px !important;margin-bottom: 10px !important;}&#8221;][vc_column width=&#8221;2\/3&#8243;][vc_column_text]<\/p>\n<h3>Aspen Pharmacare Canada is committed to upholding the highest standard of business ethics.<\/h3>\n<p>[\/vc_column_text][vc_btn title=&#8221;SEE ASPEN&#8217;S GLOBAL ETHICS&#8221; size=&#8221;lg&#8221; align=&#8221;left&#8221; link=&#8221;url:https%3A%2F%2Fwww.aspenpharma.com%2Fethics-management-and-tip-offs%2F|target:_blank&#8221;][\/vc_column][vc_column width=&#8221;1\/3&#8243;][vc_single_image image=&#8221;2511&#8243; img_size=&#8221;400&#215;400&#8243; alignment=&#8221;center&#8221; style=&#8221;vc_box_shadow_circle_2&#8243;][\/vc_column][\/vc_row][vc_row][vc_column][vc_tta_accordion style=&#8221;flat&#8221; spacing=&#8221;1&#8243; active_section=&#8221;1&#8243; no_fill=&#8221;true&#8221;][vc_tta_section title=&#8221;OUR COMMITMENT TO INTEGRITY&#8221; tab_id=&#8221;1655139350345-ba555037-caf8&#8243;][vc_column_text]<img loading=\"lazy\" decoding=\"async\" class=\"size-full wp-image-2503 alignright\" src=\"https:\/\/aspenpharma.ca\/wp-content\/uploads\/2022\/06\/Stephen-Saad-Profile.jpeg\" alt=\"\" width=\"270\" height=\"210\" \/><\/p>\n<p>At Aspen we regard our reputation as one of our most valuable assets, and to ensure that we maintain the trust and confidence of our stakeholders, we strive to do business with the highest levels of\u00a0<strong>Integrity<\/strong>, beyond simply performing the minimum required by law.<\/p>\n<p>In line with King IV recommendations, a formalised ethics &amp; compliance management programme has been initiated at all of the Group\u2019s businesses. This programme is managed by the Group Head: Ethics &amp; Compliance, under the direction of the Board, and the Social &amp; Ethics Committee and is aimed at:<\/p>\n<ul>\n<li>Assisting the Audit &amp; Risk Committee and the Social &amp; Ethics Committee in assessing the Group\u2019s ethics and compliance profile, risks and opportunities; and<\/li>\n<li>Assisting the Social &amp; Ethics Committee to monitor implementation and compliance with the Group\u2019s policies which guide expected ethical and lawful behaviour.<\/li>\n<\/ul>\n<p>The programme is focused on implementing the high standards of ethical and lawful business conduct that we have established for ourselves as a Group, and includes:<\/p>\n<ul>\n<li>Living our values whereby employees are guided by our Code of Conduct, and its supporting framework of policies and procedures, which are aimed at maintaining these high standards;<\/li>\n<li>Promoting ethical and legally compliant behaviour and leadership, both internally and in relation to third parties acting on Aspen\u2019s behalf;<\/li>\n<li>Avoiding relationships, situations or engagements which may result in conflicts of interest, and to disclose these in line with the relevant policy provisions, when these conflicts cannot be avoided;<\/li>\n<li>Assessing and mitigating ethics, legislative compliance, and reputational risks;<\/li>\n<li>Training and communications to engage employees in applying our Code of Conduct and other policies and procedures which are relevant to ethics and legislative compliance;<\/li>\n<li>Maintaining an effective confidential whistle-blower service through which concerns about potentially unethical, unlawful or unsafe conduct can be reported (anonymously if preferred) and investigated; and<\/li>\n<li>Regularly monitoring and testing the programme in order to determine its effectiveness, that it is operationalised and embedded into Aspen\u2019s day-to-day business, and that opportunities for improvement can be identified.<\/li>\n<\/ul>\n<p>Aspen is a member of the\u00a0<a href=\"https:\/\/www.tei.org.za\/\" target=\"_blank\" rel=\"noopener\">Ethics Institute SA<\/a>\u00a0and a signatory to the\u00a0<a href=\"https:\/\/www.unglobalcompact.org\/what-is-gc\/mission\/principles\" target=\"_blank\" rel=\"noopener\">UN Global Compact<\/a>.<\/p>\n<p>We thank our stakeholders for their support of this programme, in particular our employees for their continued commitment to ensuring that we uphold our value of\u00a0<strong>Integrity\u00a0<\/strong>and placing patients at the centre of our operations.<\/p>\n<p>Kind regards<\/p>\n<p><strong>Stephen Saad<\/strong><br \/>\n<strong>Aspen Group Chief Executive<\/strong>[\/vc_column_text][vc_btn title=&#8221;DOWNLOAD PDF (208KB)&#8221; align=&#8221;left&#8221; link=&#8221;url:https%3A%2F%2Faspenshare.co.za%2Fv%2FqoknL6ec817Zg2QTYpqV|target:_blank&#8221;][\/vc_tta_section][vc_tta_section title=&#8221;ASPEN&#8217;S REGIONAL ETHICS &amp; COMPLIANCE OFFICERS&#8221; tab_id=&#8221;1655139350345-12fed557-e197&#8243;][vc_column_text]The Group has appointed Regional Ethics &amp; Compliance Officers who stakeholders can contact regarding any ethics or compliance queries.<\/p>\n<p>Download the Aspen Regional Ethics &amp; Compliance Officers contact details below:[\/vc_column_text][vc_btn title=&#8221;DOWNLOAD RECO PDF (176KB)&#8221; align=&#8221;left&#8221; link=&#8221;url:https%3A%2F%2Faspenshare.co.za%2Fv%2FqN1aBJKIoGqTybzCVLlX|target:_blank&#8221;][\/vc_tta_section][vc_tta_section title=&#8221;TIP-OFFS ANONYMOUS HOTLINE&#8221; tab_id=&#8221;1655139795799-ce743a25-1a9a&#8221;][vc_column_text]<a href=\"https:\/\/aspenpharma.ca\/wp-content\/uploads\/2022\/06\/Aspen-Tip-offs-Poster_EN-2.jpg\"><img loading=\"lazy\" decoding=\"async\" class=\"alignleft wp-image-2506 size-medium\" src=\"https:\/\/aspenpharma.ca\/wp-content\/uploads\/2022\/06\/Aspen-Tip-offs-Poster_EN-2-212x300.jpg\" alt=\"\" width=\"212\" height=\"300\" srcset=\"https:\/\/aspenpharma.ca\/wp-content\/uploads\/2022\/06\/Aspen-Tip-offs-Poster_EN-2-212x300.jpg 212w, https:\/\/aspenpharma.ca\/wp-content\/uploads\/2022\/06\/Aspen-Tip-offs-Poster_EN-2.jpg 495w\" sizes=\"auto, (max-width: 212px) 100vw, 212px\" \/><\/a>Aspen endeavours to promote a culture of openness and transparency throughout the Group. Employees and other stakeholders are encouraged to report unethical conduct and any transgressions of which they become aware.<\/p>\n<p>An independently monitored whistleblowing hotline, Deloitte\u2019s Tip-offs Anonymous, is available to employees across the Group\u2019s businesses, whereby employees can report suspected fraud and\/or activities which are considered to be transgressions of the Group\u2019s Code of Conduct. Tip-offs training and awareness sessions are conducted periodically to promote use of the facility where necessary.<\/p>\n<p>The Tip-offs service has also been extended globally to customers and suppliers of Aspen\u2019s businesses.<\/p>\n<p>All logged calls are reported to Aspen\u2019s Group Ethics Committee for consideration. Where wrongdoing, unlawful conduct or a breach of Aspen\u2019s policies or procedures is identified, corrective action is implemented in all instances to improve controls and to prevent recurrence of the incident.<\/p>\n<p>The PDFs below provide additional information required to raise any concerns about unethical behaviour at Aspen.[\/vc_column_text][vc_btn title=&#8221;CLICK FOR THE DELOITTES TIP-OFFS WEBSITE&#8221; align=&#8221;left&#8221; link=&#8221;url:https%3A%2F%2Fwww.tip-offs.com%2F|target:_blank&#8221;][vc_btn title=&#8221;TIP-OFFS FREECALL NUMBERS PER COUNTRY (56KB)&#8221; align=&#8221;left&#8221; link=&#8221;url:https%3A%2F%2Faspenshare.co.za%2FabUE6kb|target:_blank&#8221;][vc_btn title=&#8221;ASPEN TIP-OFFS LETTER TO SUPPLIERS 2022 (218KB)&#8221; align=&#8221;left&#8221; link=&#8221;url:https%3A%2F%2Faspenshare.co.za%2Fw7b23F3|target:_blank&#8221;][\/vc_tta_section][vc_tta_section title=&#8221;CODES OF CONDUCT&#8221; tab_id=&#8221;1655140032415-1696ef55-613b&#8221;][vc_column_text]The Group Code of Conduct governs the conduct of all Aspen\u2019s employees throughout the Group and is aligned with the Organisation for Economic Co-operation and Development recommendations regarding corruption. Furthermore, Aspen\u2019s service providers and suppliers are required to adhere to the Group\u2019s Code of Conduct in accordance with relevant clauses included in agreements with these stakeholders.<\/p>\n<p><strong>The areas covered by the Group Code of Conduct include:<\/strong><\/p>\n<ul>\n<li class=\"two-col\">acting in accordance with Aspen\u2019s values;<\/li>\n<li class=\"two-col\">equitable treatment for all;<\/li>\n<li class=\"two-col\">acting as ambassadors of Aspen;<\/li>\n<li class=\"two-col\">business integrity;<\/li>\n<li class=\"two-col\">gifts, entertainment and bribery;<\/li>\n<li class=\"two-col\">integrity of qualitative and quantitative information;<\/li>\n<li class=\"two-col\">protection and use of property;<\/li>\n<li class=\"two-col\">business controls;<\/li>\n<li class=\"two-col\">confidential information;<\/li>\n<li class=\"two-col\">insider trading;<\/li>\n<li class=\"two-col\">safety, health, quality and the environment;<\/li>\n<li class=\"two-col\">competition law;<\/li>\n<li class=\"two-col\">political activities;<\/li>\n<li class=\"two-col\">compliance;<\/li>\n<li class=\"two-col\">accountability; and<\/li>\n<li class=\"two-col\">corporate governance.<\/li>\n<\/ul>\n<p>[\/vc_column_text][vc_btn title=&#8221;ASPEN CODE OF CONDUCT FOR SUPPLIERS &amp; SERVICE PROVIDERS PDF (157KB)&#8221; align=&#8221;left&#8221; link=&#8221;url:https%3A%2F%2Faspenshare.co.za%2Fj7n6mYO|target:_blank&#8221;][vc_btn title=&#8221;ASPEN GROUP CODE OF CONDUCT PDF (506KB)&#8221; align=&#8221;left&#8221; link=&#8221;url:https%3A%2F%2Faspenshare.co.za%2FfPEsRng|target:_blank&#8221;][vc_btn title=&#8221;ASPEN GROUP WHISTLEBLOWING POLICY PDF (608KB)&#8221; align=&#8221;left&#8221; link=&#8221;url:https%3A%2F%2Faspenshare.co.za%2FxCNRP2r|target:_blank&#8221;][vc_column_text]In line with King IV recommendations, a formalised ethics management programme has been initiated at all of the Group\u2019s businesses. This programme is managed by the Group Governance Officer under the direction of the Social &amp; Ethics Committee and is aimed at:<\/p>\n<ul>\n<li>assisting the Audit &amp; Risk Committee and the Social &amp; Ethics Committee in assessing the Group\u2019s ethics profile, risks and opportunities; and<\/li>\n<li><span class=\"font-G-a9qp4vvmdw-n4\">assisting the Social &amp; Ethics Committee to monitor implementation and compliance with the Group\u2019s policies which guide expected ethical behaviour.<\/span><\/li>\n<\/ul>\n<p><span class=\"font-G-a9qp4vvmdw-n4\">Aspen\u2019s induction programme educates new employees on the ethics, values and the business philosophy of the Group. All new employees are given a copy of, and are required to sign an acceptance of, the Code of Conduct on commencement of their employment with the Group. The Code of Conduct is available to all employees on the Group\u2019s intranet and is also contained in the employee handbook.<\/span><\/p>\n<p><span class=\"font-G-a9qp4vvmdw-n4\">The Group conducts its business in a highly regulated environment, however, one in which the potential for unethical marketing and promotional practices remains inherent. Aspen endorses the ethical marketing of medicines and subscribes to the rigorous application of the Marketing Code of Practice of the Pharmaceutical Industry Association of South Africa. The Group has a written policy on gifts and benefits in terms of which employees of the Group, including directors, are prohibited from accepting or giving gifts or hospitality that are not of a nominal value or participating in events sponsored by current or prospective customers or suppliers. Any employee who receives a gift or other benefit exceeding the local currency equivalent of USD100 is required to disclose this in writing to the Company Secretary. Some types of gifts, benefits or entertainment are prohibited even if the value falls below this threshold. A Group-wide register of gifts is maintained by the Company Secretary and is noted by the Social &amp; Ethics Committee on a periodic basis. This register is also made available for inspection by the Board or any member of senior management on request.<\/span><\/p>\n<p>Aspen does not make payments or other contributions to political parties, organisations or their representatives or take part in party politics. Employees are free to participate in the political process in their private capacity provided it does not constitute a breach of the principles set out in the Code of Conduct and\/or the relevant employee\u2019s obligations to Aspen under contracts of employment and does not negatively influence their productivity or the credibility of the Group.[\/vc_column_text][\/vc_tta_section][vc_tta_section title=&#8221;CONFLICTS OF INTEREST&#8221; tab_id=&#8221;1655140261620-37d03a91-de27&#8243;][vc_column_text]The Board has adopted a formal policy to regulate conflicts of interest and trading in the Company\u2019s securities. The latter policy, which incorporates the requirements of the JSE Listings Requirements and the Securities Services Act, 2004 (as amended), prohibits any trade in the Company\u2019s shares by any director or employee of the Group during a closed period. The Group currently has two formal closed periods, commencing 24 hours prior to the close of the interim reporting period (31 December) and the financial year-end (30 June) up to the end of 24 hours after the respective results announcement is made. In addition, the Group may declare other closed periods or restrict dealing in the Company\u2019s shares at any other time if directors and employees have access to potentially price-sensitive information which is not in the public domain.<\/p>\n<p>At all other times, directors (including directors of any of its material subsidiaries) and the Company Secretary &amp; Group Governance Officer may only trade with prior written approval from the Chairman. Such approval is sought and co-ordinated through the office of the\u00a0<a href=\"mailto:rverster@aspenpharma.com\" target=\"_blank\" rel=\"noopener\">Company Secretary &amp; Group Governance Officer.<\/a>\u00a0An announcement of all directors\u2019 share dealings is published in compliance with the JSE Listings Requirements.[\/vc_column_text][\/vc_tta_section][vc_tta_section title=&#8221;D\u00c9CLARATION DU GROUPE DE SOCI\u00c9T\u00c9S ASPEN SUR L\u2019ESCLAVAGE MODERNE&#8221; tab_id=&#8221;1673634129042-a17c843d-d84a&#8221;][vc_column_text]La pr\u00e9sente d\u00e9claration offre un aper\u00e7u de l\u2019\u00e9valuation des risques et des strat\u00e9gies d\u2019att\u00e9nuation et de gouvernance d\u2019Aspen relativement \u00e0 l\u2019esclavage moderne et concorde avec son engagement \u00e0 respecter les droits de la personne et le cadre l\u00e9gislatif mondial sur l\u2019esclavage moderne, notamment la loi britannique sur l\u2019esclavage moderne\u00a0(<em>Modern Slavery Act\u00a02015<\/em>) et la loi australienne sur l\u2019esclavage moderne\u00a0(<em>Modern Slavery Act\u00a02018<\/em>).<\/p>\n<p>Le Groupe de soci\u00e9t\u00e9s Aspen s\u2019appuie sur cette d\u00e9claration, lorsqu\u2019il est pertinent de le faire, pour satisfaire aux exigences de divulgation des lois susmentionn\u00e9es et de toutes lois \u00e9quivalentes dans les territoires o\u00f9 Aspen exerce ses activit\u00e9s.<\/p>\n<p>T\u00e9l\u00e9charger ci-dessous la <em>D\u00e9claration du Groupe de soci\u00e9t\u00e9s Aspen sur l\u2019esclavage moderne<\/em> en format\u00a0PDF\u00a0:[\/vc_column_text][vc_btn title=&#8221;D\u00e9claration sur l\u2019esclavage moderne&#8221; color=&#8221;danger&#8221; link=&#8221;url:https%3A%2F%2Faspenpharma.ca%2Fwp-content%2Fuploads%2F2023%2F01%2FAspen-Group-Modern-Slavery-Statement_FR.pdf&#8221;][\/vc_tta_section][\/vc_tta_accordion][\/vc_column][\/vc_row]<\/p>\n<\/div>","protected":false},"excerpt":{"rendered":"<p>[vc_row gap=&#8221;20&#8243; content_placement=&#8221;middle&#8221; css=&#8221;.vc_custom_1655143009517{margin-top: -60px !important;margin-bottom: 10px !important;}&#8221;][vc_column width=&#8221;2\/3&#8243;][vc_column_text] Aspen Pharmacare Canada is committed to upholding the highest standard of business ethics. [\/vc_column_text][vc_btn title=&#8221;SEE ASPEN&#8217;S GLOBAL ETHICS&#8221; size=&#8221;lg&#8221; align=&#8221;left&#8221; link=&#8221;url:https%3A%2F%2Fwww.aspenpharma.com%2Fethics-management-and-tip-offs%2F|target:_blank&#8221;][\/vc_column][vc_column width=&#8221;1\/3&#8243;][vc_single_image image=&#8221;2511&#8243; img_size=&#8221;400&#215;400&#8243; alignment=&#8221;center&#8221; style=&#8221;vc_box_shadow_circle_2&#8243;][\/vc_column][\/vc_row][vc_row][vc_column][vc_tta_accordion style=&#8221;flat&#8221; spacing=&#8221;1&#8243; active_section=&#8221;1&#8243; no_fill=&#8221;true&#8221;][vc_tta_section title=&#8221;OUR COMMITMENT TO INTEGRITY&#8221; tab_id=&#8221;1655139350345-ba555037-caf8&#8243;][vc_column_text] At Aspen we regard our reputation as one of our most<\/p>\n","protected":false},"author":1,"featured_media":0,"parent":0,"menu_order":0,"comment_status":"closed","ping_status":"closed","template":"","meta":{"_monsterinsights_skip_tracking":false,"_monsterinsights_sitenote_active":false,"_monsterinsights_sitenote_note":"","_monsterinsights_sitenote_category":0,"footnotes":""},"class_list":["post-2515","page","type-page","status-publish","hentry"],"_links":{"self":[{"href":"https:\/\/aspenpharma.ca\/fr\/wp-json\/wp\/v2\/pages\/2515","targetHints":{"allow":["GET"]}}],"collection":[{"href":"https:\/\/aspenpharma.ca\/fr\/wp-json\/wp\/v2\/pages"}],"about":[{"href":"https:\/\/aspenpharma.ca\/fr\/wp-json\/wp\/v2\/types\/page"}],"author":[{"embeddable":true,"href":"https:\/\/aspenpharma.ca\/fr\/wp-json\/wp\/v2\/users\/1"}],"replies":[{"embeddable":true,"href":"https:\/\/aspenpharma.ca\/fr\/wp-json\/wp\/v2\/comments?post=2515"}],"version-history":[{"count":0,"href":"https:\/\/aspenpharma.ca\/fr\/wp-json\/wp\/v2\/pages\/2515\/revisions"}],"wp:attachment":[{"href":"https:\/\/aspenpharma.ca\/fr\/wp-json\/wp\/v2\/media?parent=2515"}],"curies":[{"name":"wp","href":"https:\/\/api.w.org\/{rel}","templated":true}]}}